{"id":3568,"date":"2024-11-10T14:46:39","date_gmt":"2024-11-10T11:46:39","guid":{"rendered":"https:\/\/kibris101.com\/cyprus-cities\/"},"modified":"2025-01-08T21:17:51","modified_gmt":"2025-01-08T18:17:51","slug":"cyprus-cities","status":"publish","type":"page","link":"https:\/\/kibris101.com\/en\/","title":{"rendered":"North Cyprus Cities"},"content":{"rendered":"<p><div class=\"fusion-fullwidth fullwidth-box fusion-builder-row-1 fusion-flex-container has-pattern-background has-mask-background nonhundred-percent-fullwidth non-hundred-percent-height-scrolling\" style=\"--awb-border-radius-top-left:0px;--awb-border-radius-top-right:0px;--awb-border-radius-bottom-right:0px;--awb-border-radius-bottom-left:0px;--awb-margin-bottom-small:9%;--awb-flex-wrap:wrap;\" ><div class=\"fusion-builder-row fusion-row fusion-flex-align-items-center fusion-flex-justify-content-center fusion-flex-content-wrap\" style=\"max-width:1310.4px;margin-left: calc(-4% \/ 2 );margin-right: calc(-4% \/ 2 );\"><div class=\"fusion-layout-column fusion_builder_column fusion-builder-column-0 fusion_builder_column_1_3 1_3 fusion-flex-column fusion-flex-align-self-stretch fusion-column-inner-bg-wrapper fusion-animated\" style=\"--awb-padding-top:60px;--awb-padding-right:60px;--awb-padding-bottom:60px;--awb-padding-left:60px;--awb-padding-top-medium:36px;--awb-padding-right-medium:36px;--awb-padding-bottom-medium:36px;--awb-padding-left-medium:36px;--awb-padding-top-small:30px;--awb-padding-right-small:30px;--awb-padding-bottom-small:30px;--awb-padding-left-small:30px;--awb-overflow:hidden;--awb-inner-bg-image:linear-gradient(180deg, rgba(10,11,15,0.35) 0%,rgba(10,11,15,0.15) 40%);;--awb-inner-bg-position:center top;--awb-inner-bg-blend:overlay;--awb-inner-bg-size:cover;--awb-border-radius:12px 12px 12px 12px;--awb-inner-bg-border-radius:12px 12px 12px 12px;--awb-inner-bg-overflow:hidden;--awb-width-large:33.333333333333%;--awb-margin-top-large:20px;--awb-spacing-right-large:5.76%;--awb-margin-bottom-large:20px;--awb-spacing-left-large:5.76%;--awb-width-medium:50%;--awb-spacing-right-medium:3.84%;--awb-spacing-left-medium:3.84%;--awb-width-small:100%;--awb-margin-top-small:5%;--awb-spacing-right-small:1.92%;--awb-margin-bottom-small:5%;--awb-spacing-left-small:1.92%;\" data-animationType=\"fadeInUp\" data-animationDuration=\"1.3\" data-animationOffset=\"top-into-view\"><span class=\"fusion-column-inner-bg hover-type-zoomin\"><a class=\"fusion-column-anchor\" href=\"#\" aria-label=\"Lefko\u015fa\"><span class=\"fusion-column-inner-bg-image lazyload\" data-bg=\"https:\/\/kibris101.com\/wp-content\/uploads\/kibris-sehirleri-lefkosa-1.jpg\" data-bg-gradient=\"linear-gradient(180deg, rgba(10,11,15,0.35) 0%,rgba(10,11,15,0.15) 40%)\"><\/span><\/a><\/span><div class=\"fusion-column-wrapper fusion-flex-justify-content-flex-start fusion-content-layout-column fusion-column-has-bg-image\" data-bg-url=\"https:\/\/kibris101.com\/wp-content\/uploads\/kibris-sehirleri-lefkosa-1.jpg\"><div class=\"fusion-title title fusion-title-1 fusion-sep-none fusion-title-text fusion-title-size-two\" style=\"--awb-text-color:#ffffff;--awb-margin-bottom:30px;--awb-margin-bottom-small:10px;--awb-font-size:42px;\"><h2 class=\"fusion-title-heading title-heading-left fusion-responsive-typography-calculated\" style=\"margin:0;font-size:1em;text-transform:var(--awb-typography1-text-transform);--fontSize:42;line-height:1.2;\">Nicosia<\/h2><\/div><div class=\"fusion-separator fusion-full-width-sep\" style=\"align-self: center;margin-left: auto;margin-right: auto;margin-top:15vh;width:100%;\"><\/div><\/div><\/div><div class=\"fusion-layout-column fusion_builder_column fusion-builder-column-1 fusion_builder_column_1_3 1_3 fusion-flex-column fusion-flex-align-self-stretch fusion-column-inner-bg-wrapper fusion-animated\" style=\"--awb-padding-top:60px;--awb-padding-right:60px;--awb-padding-bottom:60px;--awb-padding-left:60px;--awb-padding-top-medium:36px;--awb-padding-right-medium:36px;--awb-padding-bottom-medium:36px;--awb-padding-left-medium:36px;--awb-padding-top-small:30px;--awb-padding-right-small:30px;--awb-padding-bottom-small:30px;--awb-padding-left-small:30px;--awb-overflow:hidden;--awb-inner-bg-image:linear-gradient(180deg, rgba(10,11,15,0.35) 0%,rgba(10,11,15,0.15) 40%);;--awb-inner-bg-position:center top;--awb-inner-bg-size:cover;--awb-border-radius:12px 12px 12px 12px;--awb-inner-bg-border-radius:12px 12px 12px 12px;--awb-inner-bg-overflow:hidden;--awb-width-large:33.333333333333%;--awb-margin-top-large:20px;--awb-spacing-right-large:5.76%;--awb-margin-bottom-large:20px;--awb-spacing-left-large:5.76%;--awb-width-medium:50%;--awb-spacing-right-medium:3.84%;--awb-spacing-left-medium:3.84%;--awb-width-small:100%;--awb-margin-top-small:5%;--awb-spacing-right-small:1.92%;--awb-margin-bottom-small:5%;--awb-spacing-left-small:1.92%;\" data-animationType=\"fadeInUp\" data-animationDuration=\"1.3\" data-animationOffset=\"top-into-view\"><span class=\"fusion-column-inner-bg hover-type-zoomin\"><a class=\"fusion-column-anchor\" href=\"https:\/\/kibris101.com\/en\/kyrenia\/\" aria-label=\"Girne\"><span class=\"fusion-column-inner-bg-image lazyload\" data-bg=\"https:\/\/kibris101.com\/wp-content\/uploads\/kibris-sehirleri-girne-1.jpg\" data-bg-gradient=\"linear-gradient(180deg, rgba(10,11,15,0.35) 0%,rgba(10,11,15,0.15) 40%)\"><\/span><\/a><\/span><div class=\"fusion-column-wrapper fusion-flex-justify-content-flex-start fusion-content-layout-column fusion-column-has-bg-image\" data-bg-url=\"https:\/\/kibris101.com\/wp-content\/uploads\/kibris-sehirleri-girne-1.jpg\"><div class=\"fusion-title title fusion-title-2 fusion-sep-none fusion-title-text fusion-title-size-two\" style=\"--awb-text-color:#ffffff;--awb-margin-bottom:30px;--awb-margin-bottom-small:10px;--awb-font-size:42px;\"><h2 class=\"fusion-title-heading title-heading-left fusion-responsive-typography-calculated\" style=\"margin:0;font-size:1em;text-transform:var(--awb-typography1-text-transform);--fontSize:42;line-height:1.2;\">Kyrenia<\/h2><\/div><div class=\"fusion-separator fusion-full-width-sep\" style=\"align-self: center;margin-left: auto;margin-right: auto;margin-top:15vh;width:100%;\"><\/div><\/div><\/div><div class=\"fusion-layout-column fusion_builder_column fusion-builder-column-2 fusion_builder_column_1_3 1_3 fusion-flex-column fusion-flex-align-self-stretch fusion-column-inner-bg-wrapper fusion-animated\" style=\"--awb-padding-top:60px;--awb-padding-right:60px;--awb-padding-bottom:60px;--awb-padding-left:60px;--awb-padding-top-medium:36px;--awb-padding-right-medium:36px;--awb-padding-bottom-medium:36px;--awb-padding-left-medium:36px;--awb-padding-top-small:30px;--awb-padding-right-small:30px;--awb-padding-bottom-small:30px;--awb-padding-left-small:30px;--awb-overflow:hidden;--awb-inner-bg-position:center top;--awb-inner-bg-size:cover;--awb-border-radius:12px 12px 12px 12px;--awb-inner-bg-border-radius:12px 12px 12px 12px;--awb-inner-bg-overflow:hidden;--awb-width-large:33.333333333333%;--awb-margin-top-large:20px;--awb-spacing-right-large:5.76%;--awb-margin-bottom-large:20px;--awb-spacing-left-large:5.76%;--awb-width-medium:50%;--awb-spacing-right-medium:3.84%;--awb-spacing-left-medium:3.84%;--awb-width-small:100%;--awb-margin-top-small:5%;--awb-spacing-right-small:1.92%;--awb-margin-bottom-small:5%;--awb-spacing-left-small:1.92%;\" data-animationType=\"fadeInUp\" data-animationDuration=\"1.3\" data-animationOffset=\"top-into-view\"><span class=\"fusion-column-inner-bg hover-type-zoomin\"><a class=\"fusion-column-anchor\" href=\"#\" aria-label=\"Gazima\u011fusa\"><span class=\"fusion-column-inner-bg-image lazyload\" data-bg=\"https:\/\/kibris101.com\/wp-content\/uploads\/kibris-sehirleri-gazimagusa-1.jpg\"><\/span><\/a><\/span><div class=\"fusion-column-wrapper fusion-flex-justify-content-flex-start fusion-content-layout-column fusion-column-has-bg-image\" data-bg-url=\"https:\/\/kibris101.com\/wp-content\/uploads\/kibris-sehirleri-gazimagusa-1.jpg\"><div class=\"fusion-title title fusion-title-3 fusion-sep-none fusion-title-text fusion-title-size-two\" style=\"--awb-text-color:#ffffff;--awb-margin-bottom:30px;--awb-margin-bottom-small:10px;--awb-font-size:42px;\"><h2 class=\"fusion-title-heading title-heading-left fusion-responsive-typography-calculated\" style=\"margin:0;font-size:1em;text-transform:var(--awb-typography1-text-transform);--fontSize:42;line-height:1.2;\">Famagusta<\/h2><\/div><div class=\"fusion-separator fusion-full-width-sep\" style=\"align-self: center;margin-left: auto;margin-right: auto;margin-top:15vh;width:100%;\"><\/div><\/div><\/div><div class=\"fusion-layout-column fusion_builder_column fusion-builder-column-3 fusion_builder_column_1_3 1_3 fusion-flex-column fusion-flex-align-self-stretch fusion-column-inner-bg-wrapper fusion-animated\" style=\"--awb-padding-top:60px;--awb-padding-right:60px;--awb-padding-bottom:60px;--awb-padding-left:60px;--awb-padding-top-medium:36px;--awb-padding-right-medium:36px;--awb-padding-bottom-medium:36px;--awb-padding-left-medium:36px;--awb-padding-top-small:30px;--awb-padding-right-small:30px;--awb-padding-bottom-small:30px;--awb-padding-left-small:30px;--awb-overflow:hidden;--awb-inner-bg-image:linear-gradient(180deg, rgba(10,11,15,0.35) 0%,rgba(10,11,15,0.15) 40%);;--awb-inner-bg-position:center top;--awb-inner-bg-size:cover;--awb-border-radius:12px 12px 12px 12px;--awb-inner-bg-border-radius:12px 12px 12px 12px;--awb-inner-bg-overflow:hidden;--awb-width-large:33.333333333333%;--awb-margin-top-large:20px;--awb-spacing-right-large:5.76%;--awb-margin-bottom-large:20px;--awb-spacing-left-large:5.76%;--awb-width-medium:50%;--awb-spacing-right-medium:3.84%;--awb-spacing-left-medium:3.84%;--awb-width-small:100%;--awb-margin-top-small:5%;--awb-spacing-right-small:1.92%;--awb-margin-bottom-small:5%;--awb-spacing-left-small:1.92%;\" data-animationType=\"fadeInUp\" data-animationDuration=\"1.3\" data-animationOffset=\"top-into-view\"><span class=\"fusion-column-inner-bg hover-type-zoomin\"><a class=\"fusion-column-anchor\" href=\"https:\/\/kibris101.com\/en\/trikomo\/\" aria-label=\"\u0130skele\"><span class=\"fusion-column-inner-bg-image lazyload\" data-bg=\"https:\/\/kibris101.com\/wp-content\/uploads\/kibris-sehirleri-iskele-1.jpg\" data-bg-gradient=\"linear-gradient(180deg, rgba(10,11,15,0.35) 0%,rgba(10,11,15,0.15) 40%)\"><\/span><\/a><\/span><div class=\"fusion-column-wrapper fusion-flex-justify-content-flex-start fusion-content-layout-column fusion-column-has-bg-image\" data-bg-url=\"https:\/\/kibris101.com\/wp-content\/uploads\/kibris-sehirleri-iskele-1.jpg\"><div class=\"fusion-title title fusion-title-4 fusion-sep-none fusion-title-text fusion-title-size-two\" style=\"--awb-text-color:#ffffff;--awb-margin-bottom:30px;--awb-margin-bottom-small:10px;--awb-font-size:42px;\"><h2 class=\"fusion-title-heading title-heading-left fusion-responsive-typography-calculated\" style=\"margin:0;font-size:1em;text-transform:var(--awb-typography1-text-transform);--fontSize:42;line-height:1.2;\">Trikomo<\/h2><\/div><div class=\"fusion-separator fusion-full-width-sep\" style=\"align-self: center;margin-left: auto;margin-right: auto;margin-top:15vh;width:100%;\"><\/div><\/div><\/div><div class=\"fusion-layout-column fusion_builder_column fusion-builder-column-4 fusion_builder_column_1_3 1_3 fusion-flex-column fusion-flex-align-self-stretch fusion-column-inner-bg-wrapper fusion-animated\" style=\"--awb-padding-top:60px;--awb-padding-right:60px;--awb-padding-bottom:60px;--awb-padding-left:60px;--awb-padding-top-medium:36px;--awb-padding-right-medium:36px;--awb-padding-bottom-medium:36px;--awb-padding-left-medium:36px;--awb-padding-top-small:30px;--awb-padding-right-small:30px;--awb-padding-bottom-small:30px;--awb-padding-left-small:30px;--awb-overflow:hidden;--awb-inner-bg-image:linear-gradient(180deg, rgba(10,11,15,0.35) 0%,rgba(10,11,15,0.15) 40%);;--awb-inner-bg-position:center top;--awb-inner-bg-size:cover;--awb-border-radius:12px 12px 12px 12px;--awb-inner-bg-border-radius:12px 12px 12px 12px;--awb-inner-bg-overflow:hidden;--awb-width-large:33.333333333333%;--awb-margin-top-large:20px;--awb-spacing-right-large:5.76%;--awb-margin-bottom-large:20px;--awb-spacing-left-large:5.76%;--awb-width-medium:50%;--awb-spacing-right-medium:3.84%;--awb-spacing-left-medium:3.84%;--awb-width-small:100%;--awb-margin-top-small:5%;--awb-spacing-right-small:1.92%;--awb-margin-bottom-small:5%;--awb-spacing-left-small:1.92%;\" data-animationType=\"fadeInUp\" data-animationDuration=\"1.3\" data-animationOffset=\"top-into-view\"><span class=\"fusion-column-inner-bg hover-type-zoomin\"><a class=\"fusion-column-anchor\" href=\"#\" aria-label=\"G\u00fczelyurt\"><span class=\"fusion-column-inner-bg-image lazyload\" data-bg=\"https:\/\/kibris101.com\/wp-content\/uploads\/kibris-sehirleri-guzelyurt-1.jpg\" data-bg-gradient=\"linear-gradient(180deg, rgba(10,11,15,0.35) 0%,rgba(10,11,15,0.15) 40%)\"><\/span><\/a><\/span><div class=\"fusion-column-wrapper fusion-flex-justify-content-flex-start fusion-content-layout-column fusion-column-has-bg-image\" data-bg-url=\"https:\/\/kibris101.com\/wp-content\/uploads\/kibris-sehirleri-guzelyurt-1.jpg\"><div class=\"fusion-title title fusion-title-5 fusion-sep-none fusion-title-text fusion-title-size-two\" style=\"--awb-text-color:#ffffff;--awb-margin-bottom:30px;--awb-margin-bottom-small:10px;--awb-font-size:42px;\"><h2 class=\"fusion-title-heading title-heading-left fusion-responsive-typography-calculated\" style=\"margin:0;font-size:1em;text-transform:var(--awb-typography1-text-transform);--fontSize:42;line-height:1.2;\">Guzelyurt<\/h2><\/div><div class=\"fusion-separator fusion-full-width-sep\" style=\"align-self: center;margin-left: auto;margin-right: auto;margin-top:15vh;width:100%;\"><\/div><\/div><\/div><div class=\"fusion-layout-column fusion_builder_column fusion-builder-column-5 fusion_builder_column_1_3 1_3 fusion-flex-column fusion-flex-align-self-stretch fusion-column-inner-bg-wrapper fusion-animated\" style=\"--awb-padding-top:60px;--awb-padding-right:60px;--awb-padding-bottom:60px;--awb-padding-left:60px;--awb-padding-top-medium:36px;--awb-padding-right-medium:36px;--awb-padding-bottom-medium:36px;--awb-padding-left-medium:36px;--awb-padding-top-small:30px;--awb-padding-right-small:30px;--awb-padding-bottom-small:30px;--awb-padding-left-small:30px;--awb-overflow:hidden;--awb-inner-bg-image:linear-gradient(180deg, rgba(10,11,15,0.35) 0%,rgba(10,11,15,0.15) 40%);;--awb-inner-bg-position:center top;--awb-inner-bg-size:cover;--awb-border-radius:12px 12px 12px 12px;--awb-inner-bg-border-radius:12px 12px 12px 12px;--awb-inner-bg-overflow:hidden;--awb-width-large:33.333333333333%;--awb-margin-top-large:20px;--awb-spacing-right-large:5.76%;--awb-margin-bottom-large:20px;--awb-spacing-left-large:5.76%;--awb-width-medium:50%;--awb-spacing-right-medium:3.84%;--awb-spacing-left-medium:3.84%;--awb-width-small:100%;--awb-margin-top-small:5%;--awb-spacing-right-small:1.92%;--awb-margin-bottom-small:5%;--awb-spacing-left-small:1.92%;\" data-animationType=\"fadeInUp\" data-animationDuration=\"1.3\" data-animationOffset=\"top-into-view\"><span class=\"fusion-column-inner-bg hover-type-zoomin\"><a class=\"fusion-column-anchor\" href=\"https:\/\/kibris101.com\/en\/lefke\/\" aria-label=\"Lefke\"><span class=\"fusion-column-inner-bg-image lazyload\" data-bg=\"https:\/\/kibris101.com\/wp-content\/uploads\/kibris-sehirleri-lefke-1.jpg\" data-bg-gradient=\"linear-gradient(180deg, rgba(10,11,15,0.35) 0%,rgba(10,11,15,0.15) 40%)\"><\/span><\/a><\/span><div class=\"fusion-column-wrapper fusion-flex-justify-content-flex-start fusion-content-layout-column fusion-column-has-bg-image\" data-bg-url=\"https:\/\/kibris101.com\/wp-content\/uploads\/kibris-sehirleri-lefke-1.jpg\"><div class=\"fusion-title title fusion-title-6 fusion-sep-none fusion-title-text fusion-title-size-two\" style=\"--awb-text-color:#ffffff;--awb-margin-bottom:30px;--awb-margin-bottom-small:10px;--awb-font-size:42px;\"><h2 class=\"fusion-title-heading title-heading-left fusion-responsive-typography-calculated\" style=\"margin:0;font-size:1em;text-transform:var(--awb-typography1-text-transform);--fontSize:42;line-height:1.2;\">Lefke<\/h2><\/div><div class=\"fusion-separator fusion-full-width-sep\" style=\"align-self: center;margin-left: auto;margin-right: auto;margin-top:15vh;width:100%;\"><\/div><\/div><\/div><\/div><\/div><div class=\"fusion-fullwidth fullwidth-box fusion-builder-row-2 fusion-flex-container has-pattern-background has-mask-background nonhundred-percent-fullwidth non-hundred-percent-height-scrolling\" style=\"--awb-border-radius-top-left:0px;--awb-border-radius-top-right:0px;--awb-border-radius-bottom-right:0px;--awb-border-radius-bottom-left:0px;--awb-background-color:var(--awb-color2);--awb-flex-wrap:wrap;\" ><div class=\"fusion-builder-row fusion-row fusion-flex-align-items-flex-start fusion-flex-content-wrap\" style=\"max-width:1310.4px;margin-left: calc(-4% \/ 2 );margin-right: calc(-4% \/ 2 );\"><div class=\"fusion-layout-column fusion_builder_column fusion-builder-column-6 fusion_builder_column_2_3 2_3 fusion-flex-column\" style=\"--awb-bg-size:cover;--awb-width-large:66.666666666667%;--awb-margin-top-large:20px;--awb-spacing-right-large:2.88%;--awb-margin-bottom-large:20px;--awb-spacing-left-large:2.88%;--awb-width-medium:66.666666666667%;--awb-order-medium:0;--awb-spacing-right-medium:2.88%;--awb-spacing-left-medium:2.88%;--awb-width-small:100%;--awb-order-small:0;--awb-spacing-right-small:1.92%;--awb-spacing-left-small:1.92%;\"><div class=\"fusion-column-wrapper fusion-column-has-shadow fusion-flex-justify-content-flex-start fusion-content-layout-column\"><div class=\"fusion-title title fusion-title-7 fusion-sep-none fusion-title-text fusion-title-size-three\"><h3 class=\"fusion-title-heading title-heading-left fusion-responsive-typography-calculated\" style=\"margin:0;--fontSize:36;line-height:1.3;\">What is the capital of Northern Cyprus?<\/h3><\/div><div class=\"fusion-text fusion-text-1\"><p data-sourcepos=\"1:1-1:206\">The capital of the Turkish Republic of Northern Cyprus is <strong>Nicosia<\/strong>. Nicosia is known as the joint capital of both Northern Cyprus and Southern Cyprus. This is a reflection of the political division of the island of Cyprus. At the same time, Nicosia is the only city in the world whose capital is divided in two.   <\/p>\n<p data-sourcepos=\"3:1-3:237\">Nicosia is a city that stands out with its historical and cultural richness. It is home to many historical buildings from the Venetian, Byzantine and Ottoman periods. The walled part of the city fascinates visitors with its historical texture and atmosphere.  <\/p>\n<\/div><\/div><\/div><div class=\"fusion-layout-column fusion_builder_column fusion-builder-column-7 fusion_builder_column_1_3 1_3 fusion-flex-column fusion-flex-align-self-center fusion-animated\" style=\"--awb-padding-top:70px;--awb-padding-right:50px;--awb-padding-bottom:70px;--awb-padding-left:50px;--awb-padding-top-medium:50px;--awb-padding-bottom-medium:50px;--awb-overflow:hidden;--awb-bg-image:linear-gradient(180deg, rgba(2,63,121,0.4) 40%,#023e77 77%);;--awb-bg-position:center center;--awb-bg-size:cover;--awb-border-radius:12px 12px 12px 12px;--awb-width-large:33.333333333333%;--awb-margin-top-large:0px;--awb-spacing-right-large:5.76%;--awb-margin-bottom-large:0px;--awb-spacing-left-large:5.76%;--awb-width-medium:33.333333333333%;--awb-order-medium:3;--awb-spacing-right-medium:5.76%;--awb-margin-bottom-medium:40px;--awb-spacing-left-medium:5.76%;--awb-width-small:100%;--awb-order-small:1;--awb-spacing-right-small:1.92%;--awb-margin-bottom-small:40px;--awb-spacing-left-small:1.92%;\" data-animationType=\"fadeInUp\" data-animationDuration=\"1.3\" data-animationOffset=\"top-into-view\"><div class=\"fusion-column-wrapper lazyload fusion-column-has-shadow fusion-flex-justify-content-flex-start fusion-content-layout-column fusion-column-has-bg-image\" data-bg-url=\"https:\/\/kibris101.com\/wp-content\/uploads\/kibris-sehirleri-lefkosa-1.jpg\" data-bg=\"https:\/\/kibris101.com\/wp-content\/uploads\/kibris-sehirleri-lefkosa-1.jpg\" data-bg-gradient=\"linear-gradient(180deg, rgba(2,63,121,0.4) 40%,#023e77 77%)\"><i class=\"fb-icon-element-1 fb-icon-element fontawesome-icon fa-cloud-sun fas circle-no\" style=\"--awb-iconcolor:#ffffff;--awb-iconcolor-hover:#ffffff;--awb-font-size:30px;--awb-align-self:center;--awb-margin-top:0px;--awb-margin-right:0px;--awb-margin-bottom:15px;--awb-margin-left:0px;\"><\/i><div class=\"fusion-title title fusion-title-8 fusion-sep-none fusion-title-center fusion-title-text fusion-title-size-div\" style=\"--awb-text-color:#ffffff;--awb-margin-bottom:15px;--awb-margin-bottom-small:10px;--awb-sep-color:#d1d1d1;--awb-font-size:35px;\"><div class=\"fusion-title-heading title-heading-center title-heading-tag fusion-responsive-typography-calculated\" style=\"margin:0;font-size:1em;letter-spacing:-1px;text-transform:var(--awb-typography1-text-transform);--fontSize:35;line-height:1.2;\">19 \u00b0C<\/div><\/div><div class=\"fusion-text fusion-text-2 fusion-text-no-margin\" style=\"--awb-content-alignment:center;--awb-font-size:18px;--awb-line-height:1.7;--awb-letter-spacing:0px;--awb-text-transform:var(--awb-typography4-text-transform);--awb-text-color:rgba(255,255,255,0.73);\"><p>Nicosia Weather<\/p>\n<\/div><\/div><\/div><\/div><\/div><div class=\"fusion-fullwidth fullwidth-box fusion-builder-row-3 fusion-flex-container has-pattern-background has-mask-background nonhundred-percent-fullwidth non-hundred-percent-height-scrolling\" style=\"--awb-border-radius-top-left:0px;--awb-border-radius-top-right:0px;--awb-border-radius-bottom-right:0px;--awb-border-radius-bottom-left:0px;--awb-flex-wrap:wrap;\" ><div class=\"fusion-builder-row fusion-row fusion-flex-align-items-flex-start fusion-flex-content-wrap\" style=\"max-width:1310.4px;margin-left: calc(-4% \/ 2 );margin-right: calc(-4% \/ 2 );\"><div class=\"fusion-layout-column fusion_builder_column fusion-builder-column-8 fusion_builder_column_1_1 1_1 fusion-flex-column\" style=\"--awb-bg-size:cover;--awb-width-large:100%;--awb-margin-top-large:20px;--awb-spacing-right-large:1.92%;--awb-margin-bottom-large:20px;--awb-spacing-left-large:1.92%;--awb-width-medium:100%;--awb-order-medium:0;--awb-spacing-right-medium:1.92%;--awb-spacing-left-medium:1.92%;--awb-width-small:100%;--awb-order-small:0;--awb-spacing-right-small:1.92%;--awb-spacing-left-small:1.92%;\"><div class=\"fusion-column-wrapper fusion-column-has-shadow fusion-flex-justify-content-flex-start fusion-content-layout-column\"><div class=\"fusion-title title fusion-title-9 fusion-sep-none fusion-title-text fusion-title-size-two\"><h2 class=\"fusion-title-heading title-heading-left fusion-responsive-typography-calculated\" style=\"margin:0;--fontSize:48;line-height:1.2;\">Cities of the Turkish Republic of Northern Cyprus<\/h2><\/div><div class=\"fusion-text fusion-text-3\"><p>There are six settlements in Northern Cyprus: Nicosia, Famagusta, Kyrenia, Guzelyurt, Lefke and Iskele. However, in Northern Cyprus, these regions are administratively divided into five districts. These are Nicosia, Famagusta, Kyrenia, G\u00fczelyurt, G\u00fczelyurt and \u0130skele.  <\/p>\n<p><strong>Nicosia: <\/strong>Nicosia is the capital of both the North and the South. For centuries it has been the safest city of the Cypriot civilizations. Nicosia has many cultural treasures awaiting you, such as the Selimiye Mosque, the Great Inn and many more to be found in the historic streets of the Walled City area.  <\/p>\n<p><strong>Kyrenia: <\/strong>Kyrenia is an entertainment harbor where you can anchor in the deep blue waters of the Mediterranean. You can enjoy the sea, sun and sand in this city where the nightlife in TRNC is the fastest and countless events are organized. The city also has many historical points such as Bellapais Monastery, St. Hilarion Castle and Hz. \u00d6mer Tomb.   <\/p>\n<p><strong>Famagusta: <\/strong>Famagusta is home to the most important monuments of Cypriot culture and the island&#8217;s most important educational institutions. There are many beaches and seashores in the city and many masterpieces such as the ancient city of Salamis, Lala Mustafa Pasha Mosque and Othello Castle attract tourists. <\/p>\n<p><strong>Trikomo:<\/strong> Trikomo attracts attention with its untouched natural beauties and Cittaslow title in Cyprus. With its virgin beaches and natural national park located on the Karpaz peninsula, the region has made a name for itself with investments in recent years. With Karpaz Donkeys, Caretta Caretta turtles and the dazzling Altinkum Beach, this place offers you the most beautiful version of the Mediterranean.  <\/p>\n<p><strong>G\u00fczelyurt: <\/strong>G\u00fczelyurt has sustained the cities of Cyprus for many years and is known as the granary of the island. In the city where you can visit important exhibitions such as St. Mamas Monastery and the Cyprus Museum of Nature, you can spend a wonderful day in the strawberry gardens. <\/p>\n<p><strong>Lefke: <\/strong>Lefke is a small and scenic town known for its citrus groves with fragrant scents that will make you feel refreshed. Here, the waters of life flow gently through a lush green nature. With unforgettable traces of the past, such as the Cengiz Topel Monument and the ancient city of Soli, this city offers many views of the island&#8217;s rural life.<\/p>\n<\/div><\/div><\/div><\/div><\/div><\/p>\n","protected":false},"excerpt":{"rendered":"","protected":false},"author":1,"featured_media":2765,"parent":0,"menu_order":0,"comment_status":"closed","ping_status":"closed","template":"100-width.php","meta":{"_acf_changed":false,"_monsterinsights_skip_tracking":false,"_monsterinsights_sitenote_active":false,"_monsterinsights_sitenote_note":"","_monsterinsights_sitenote_category":0,"footnotes":""},"class_list":["post-3568","page","type-page","status-publish","has-post-thumbnail","hentry"],"acf":[],"_links":{"self":[{"href":"https:\/\/kibris101.com\/en\/wp-json\/wp\/v2\/pages\/3568","targetHints":{"allow":["GET"]}}],"collection":[{"href":"https:\/\/kibris101.com\/en\/wp-json\/wp\/v2\/pages"}],"about":[{"href":"https:\/\/kibris101.com\/en\/wp-json\/wp\/v2\/types\/page"}],"author":[{"embeddable":true,"href":"https:\/\/kibris101.com\/en\/wp-json\/wp\/v2\/users\/1"}],"replies":[{"embeddable":true,"href":"https:\/\/kibris101.com\/en\/wp-json\/wp\/v2\/comments?post=3568"}],"version-history":[{"count":26,"href":"https:\/\/kibris101.com\/en\/wp-json\/wp\/v2\/pages\/3568\/revisions"}],"predecessor-version":[{"id":6510,"href":"https:\/\/kibris101.com\/en\/wp-json\/wp\/v2\/pages\/3568\/revisions\/6510"}],"wp:featuredmedia":[{"embeddable":true,"href":"https:\/\/kibris101.com\/en\/wp-json\/wp\/v2\/media\/2765"}],"wp:attachment":[{"href":"https:\/\/kibris101.com\/en\/wp-json\/wp\/v2\/media?parent=3568"}],"curies":[{"name":"wp","href":"https:\/\/api.w.org\/{rel}","templated":true}]}}